{"id":4,"date":"2013-09-24T21:25:45","date_gmt":"2013-09-24T19:25:45","guid":{"rendered":"http:\/\/www.markuslohmueller.de\/?page_id=4"},"modified":"2025-01-29T16:48:27","modified_gmt":"2025-01-29T14:48:27","slug":"saenger","status":"publish","type":"page","link":"http:\/\/www.markuslohmueller.de\/?page_id=4","title":{"rendered":"\u00fcber mich"},"content":{"rendered":"<p>Schon in jungen Jahren zog es mich auf die Bretter, die die Welt bedeuten. 1990 begann ich mit Mundart-Theater; zun\u00e4chst noch als Darsteller, heute auch als Regiesseur.<\/p>\n<p>Danach stand ich bei mehreren musikalischen Projekten auf der B\u00fchne, u.a. mit der A-Cappella-Formation &#8222;Buzzbees&#8220;. Da ich mich nicht wirklich entscheiden konnte, ob ich lieber singen, schauspielen oder tanzen sollte, zog es mich zum Musical und fand den Einstieg in der Musical Halle A in F\u00fcrth. Dort stand ich als Dr. Siedler in &#8222;Im wei\u00dfen R\u00f6ssl&#8220;, Buffalo Bill in &#8222;Annie get your gun&#8220; und als Tony in &#8222;West Side Story&#8220; auf der B\u00fchne. Es folgten 4 Jahre bei beachteten Musicalproduktionen von Zarte T\u00f6ne GmbH. Im K\u00fcnstlerhaus K4 in N\u00fcrnberg setzten mich dort die Regisseure Anne Klinge und Werner M\u00fcller in &#8222;Der kleine Horrorladen&#8220; und &#8222;Moulin Rouge-das Musical&#8220; in Szene.<\/p>\n<p>Spannend waren sowohl die Auftritte im Bewegungs-Ensemble der Operette &#8222;Die lustige Witwe&#8220; im N\u00fcrnberger Opernhaus, als auch die Erfahrungen bei &#8222;Speer und Er&#8220; einer dreiteiligen TV-Dokumentation \u00fcber Albert Speer.<\/p>\n<p>In der Com\u00f6die F\u00fcrth spielte ich die Boulevardst\u00fccke \u201eAu\u00dfer Kontrolle\u201c, &#8222;Ewig rauschen die Gelder&#8220;, &#8222;Alles auf Krankenschein&#8220;, &#8222;Hotel im Angebot&#8220;, &#8222;Funny Money&#8220;, &#8222;Floh im Ohr&#8220; sowie &#8222;Die spanische Fliege&#8220; und stand damit auch vor der Kamera.<br \/>\nMit unserem Entertainment-Ensemble Tonics produzierten und spielten wir das Musical &#8222;Swing and Crime&#8220; und waren damit auch in diversen bayerischen St\u00e4dten unterwegs.<\/p>\n<p>Seit 2007 bin ich Mitglied der A Cappella Band &#8222;Gebr\u00fcder Sing&#8220; und damit auch zweifacher Gewinner des Talentwettbewerbs &#8222;Wer ko der derf&#8220;.<br \/>\nMan kann mich auf Hochzeiten und anderen Veranstaltungen als singender DJ mit Anja Hackl erleben oder als Solist bzw. mit Duettpartnerin (bevorzugt meiner Schwester) f\u00fcr die Trauungszeremonie engagieren.<\/p>\n<p>2013\/2014 durfte ich u.a. im Theater Rednitzhembach den &#8222;Professor Higgins&#8220; in &#8222;My Fair Lady&#8220; spielen und hatte zuletzt wieder viel Spa\u00df bei der Produktion &#8222;Das perfekte Geheimnis&#8220; auf meiner &#8222;Heimatb\u00fchne&#8220; der Theatergruppe Rohr e.V..<\/p>\n<p>Ganz besonders freue ich mich, seit 2018 Mitglied von <a href=\"http:\/\/six-pack.eu\" target=\"_blank\" rel=\"noopener\">SixPack &#8211; A Cappella Comedy<\/a> zu sein und nach unserer Show &#8222;Goldsinger &#8211; ein Agentenbr\u00fcller&#8220; nun mit &#8222;Zukunftsmusik &#8211; Das Beste von Gestern&#8220; in Deutschland und der Schweiz diverse B\u00fchnen zu bespielen.<\/p>\n<p>Wenn ihr uns unterst\u00fctzen wollt, kommt in unsere Konzerte oder kauft unsere CD &#8222;BotoxUndBeatbox&#8220; oder streamt was das Zeug h\u00e4lt.<\/p>\n","protected":false},"excerpt":{"rendered":"<p>Schon in jungen Jahren zog es mich auf die Bretter, die die Welt bedeuten. 1990 begann ich mit Mundart-Theater; zun\u00e4chst noch als Darsteller, heute auch als Regiesseur. Danach stand ich bei mehreren musikalischen Projekten auf der B\u00fchne, u.a. mit der &hellip; <a href=\"http:\/\/www.markuslohmueller.de\/?page_id=4\">Weiterlesen <span class=\"meta-nav\">&rarr;<\/span><\/a><\/p>\n","protected":false},"author":1,"featured_media":0,"parent":0,"menu_order":0,"comment_status":"closed","ping_status":"closed","template":"","meta":{"saved_in_kubio":false,"footnotes":""},"class_list":["post-4","page","type-page","status-publish","hentry"],"kubio_ai_page_context":{"short_desc":"","purpose":"general"},"_links":{"self":[{"href":"http:\/\/www.markuslohmueller.de\/index.php?rest_route=\/wp\/v2\/pages\/4","targetHints":{"allow":["GET"]}}],"collection":[{"href":"http:\/\/www.markuslohmueller.de\/index.php?rest_route=\/wp\/v2\/pages"}],"about":[{"href":"http:\/\/www.markuslohmueller.de\/index.php?rest_route=\/wp\/v2\/types\/page"}],"author":[{"embeddable":true,"href":"http:\/\/www.markuslohmueller.de\/index.php?rest_route=\/wp\/v2\/users\/1"}],"replies":[{"embeddable":true,"href":"http:\/\/www.markuslohmueller.de\/index.php?rest_route=%2Fwp%2Fv2%2Fcomments&post=4"}],"version-history":[{"count":9,"href":"http:\/\/www.markuslohmueller.de\/index.php?rest_route=\/wp\/v2\/pages\/4\/revisions"}],"predecessor-version":[{"id":306,"href":"http:\/\/www.markuslohmueller.de\/index.php?rest_route=\/wp\/v2\/pages\/4\/revisions\/306"}],"wp:attachment":[{"href":"http:\/\/www.markuslohmueller.de\/index.php?rest_route=%2Fwp%2Fv2%2Fmedia&parent=4"}],"curies":[{"name":"wp","href":"https:\/\/api.w.org\/{rel}","templated":true}]}}